{"id":20,"date":"2018-08-24T10:34:23","date_gmt":"2018-08-24T08:34:23","guid":{"rendered":"http:\/\/otesound.cz\/?page_id=20"},"modified":"2024-12-09T13:33:16","modified_gmt":"2024-12-09T12:33:16","slug":"home-page","status":"publish","type":"page","link":"https:\/\/otesound.cz\/en\/","title":{"rendered":"Home Page"},"content":{"rendered":"<div id=\"pl-20\"  class=\"panel-layout\" ><div id=\"pg-20-0\"  class=\"panel-grid panel-no-style\" ><div id=\"pgc-20-0-0\"  class=\"panel-grid-cell\" ><div id=\"panel-20-0-0-0\" class=\"so-panel widget widget_sow-slider panel-first-child panel-last-child\" data-index=\"0\" ><div\n\t\t\t\n\t\t\tclass=\"so-widget-sow-slider so-widget-sow-slider-default-71d5c9d9c341-20\"\n\t\t\t\n\t\t>\t\t\t\t<div class=\"sow-slider-base\" style=\"display: none\" tabindex=\"0\">\n\t\t\t\t\t<ul\n\t\t\t\t\tclass=\"sow-slider-images\"\n\t\t\t\t\tdata-settings=\"{&quot;pagination&quot;:true,&quot;speed&quot;:&quot;800&quot;,&quot;timeout&quot;:&quot;2500&quot;,&quot;paused&quot;:false,&quot;pause_on_hover&quot;:false,&quot;swipe&quot;:&quot;on&quot;,&quot;nav_always_show_desktop&quot;:&quot;&quot;,&quot;nav_always_show_mobile&quot;:&quot;&quot;,&quot;breakpoint&quot;:&quot;780px&quot;,&quot;unmute&quot;:false,&quot;anchor&quot;:null}\"\n\t\t\t\t\t\t\t\t\t\tdata-anchor-id=\"\"\n\t\t\t\t>\t\t<li class=\"sow-slider-image\" style=\"visibility: visible;\" >\n\t\t\t\t\t\t<img loading=\"lazy\" decoding=\"async\" width=\"1799\" height=\"753\" src=\"https:\/\/otesound.cz\/wp-content\/uploads\/2018\/08\/StrunyPodzimu_hp.jpg\" class=\"sow-slider-background-image\" alt=\"\" style=\"\" srcset=\"https:\/\/otesound.cz\/wp-content\/uploads\/2018\/08\/StrunyPodzimu_hp.jpg 1799w, https:\/\/otesound.cz\/wp-content\/uploads\/2018\/08\/StrunyPodzimu_hp-300x126.jpg 300w, https:\/\/otesound.cz\/wp-content\/uploads\/2018\/08\/StrunyPodzimu_hp-768x321.jpg 768w, https:\/\/otesound.cz\/wp-content\/uploads\/2018\/08\/StrunyPodzimu_hp-1024x429.jpg 1024w\" sizes=\"auto, (max-width: 1799px) 100vw, 1799px\" \/>\t\t<\/li>\n\t\t\t\t<li class=\"sow-slider-image\" style=\"visibility: hidden;\" >\n\t\t\t\t\t\t<img loading=\"lazy\" decoding=\"async\" width=\"1800\" height=\"752\" src=\"https:\/\/otesound.cz\/wp-content\/uploads\/2018\/08\/2016-06-29-23.44.01-5-1.jpg\" class=\"sow-slider-background-image\" alt=\"\" style=\"\" srcset=\"https:\/\/otesound.cz\/wp-content\/uploads\/2018\/08\/2016-06-29-23.44.01-5-1.jpg 1800w, https:\/\/otesound.cz\/wp-content\/uploads\/2018\/08\/2016-06-29-23.44.01-5-1-300x125.jpg 300w, https:\/\/otesound.cz\/wp-content\/uploads\/2018\/08\/2016-06-29-23.44.01-5-1-768x321.jpg 768w, https:\/\/otesound.cz\/wp-content\/uploads\/2018\/08\/2016-06-29-23.44.01-5-1-1024x428.jpg 1024w\" sizes=\"auto, (max-width: 1800px) 100vw, 1800px\" \/>\t\t<\/li>\n\t\t\t\t<li class=\"sow-slider-image\" style=\"visibility: hidden;\" >\n\t\t\t\t\t\t<img loading=\"lazy\" decoding=\"async\" width=\"1800\" height=\"750\" src=\"https:\/\/otesound.cz\/wp-content\/uploads\/2018\/08\/2016-05-06-19.29.53-3-1.jpg\" class=\"sow-slider-background-image\" alt=\"\" style=\"\" srcset=\"https:\/\/otesound.cz\/wp-content\/uploads\/2018\/08\/2016-05-06-19.29.53-3-1.jpg 1800w, https:\/\/otesound.cz\/wp-content\/uploads\/2018\/08\/2016-05-06-19.29.53-3-1-300x125.jpg 300w, https:\/\/otesound.cz\/wp-content\/uploads\/2018\/08\/2016-05-06-19.29.53-3-1-768x320.jpg 768w, https:\/\/otesound.cz\/wp-content\/uploads\/2018\/08\/2016-05-06-19.29.53-3-1-1024x427.jpg 1024w\" sizes=\"auto, (max-width: 1800px) 100vw, 1800px\" \/>\t\t<\/li>\n\t\t\t\t<li class=\"sow-slider-image\" style=\"visibility: hidden;\" >\n\t\t\t\t\t\t<img loading=\"lazy\" decoding=\"async\" width=\"1800\" height=\"750\" src=\"https:\/\/otesound.cz\/wp-content\/uploads\/2018\/08\/Maj\u00e1les_Marpo-1.jpg\" class=\"sow-slider-background-image\" alt=\"\" style=\"\" srcset=\"https:\/\/otesound.cz\/wp-content\/uploads\/2018\/08\/Maj\u00e1les_Marpo-1.jpg 1800w, https:\/\/otesound.cz\/wp-content\/uploads\/2018\/08\/Maj\u00e1les_Marpo-1-300x125.jpg 300w, https:\/\/otesound.cz\/wp-content\/uploads\/2018\/08\/Maj\u00e1les_Marpo-1-768x320.jpg 768w, https:\/\/otesound.cz\/wp-content\/uploads\/2018\/08\/Maj\u00e1les_Marpo-1-1024x427.jpg 1024w\" sizes=\"auto, (max-width: 1800px) 100vw, 1800px\" \/>\t\t<\/li>\n\t\t\t\t<li class=\"sow-slider-image\" style=\"visibility: hidden;\" >\n\t\t\t\t\t\t<img loading=\"lazy\" decoding=\"async\" width=\"1800\" height=\"750\" src=\"https:\/\/otesound.cz\/wp-content\/uploads\/2018\/08\/2016-07-01-23.29.40-2-1.jpg\" class=\"sow-slider-background-image\" alt=\"\" style=\"\" srcset=\"https:\/\/otesound.cz\/wp-content\/uploads\/2018\/08\/2016-07-01-23.29.40-2-1.jpg 1800w, https:\/\/otesound.cz\/wp-content\/uploads\/2018\/08\/2016-07-01-23.29.40-2-1-300x125.jpg 300w, https:\/\/otesound.cz\/wp-content\/uploads\/2018\/08\/2016-07-01-23.29.40-2-1-768x320.jpg 768w, https:\/\/otesound.cz\/wp-content\/uploads\/2018\/08\/2016-07-01-23.29.40-2-1-1024x427.jpg 1024w\" sizes=\"auto, (max-width: 1800px) 100vw, 1800px\" \/>\t\t<\/li>\n\t\t<\/ul>\t\t\t\t<ol class=\"sow-slider-pagination\">\n\t\t\t\t\t\t\t\t\t\t\t<li><a href=\"#\" data-goto=\"0\" aria-label=\"display slide 1\"><\/a><\/li>\n\t\t\t\t\t\t\t\t\t\t\t<li><a href=\"#\" data-goto=\"1\" aria-label=\"display slide 2\"><\/a><\/li>\n\t\t\t\t\t\t\t\t\t\t\t<li><a href=\"#\" data-goto=\"2\" aria-label=\"display slide 3\"><\/a><\/li>\n\t\t\t\t\t\t\t\t\t\t\t<li><a href=\"#\" data-goto=\"3\" aria-label=\"display slide 4\"><\/a><\/li>\n\t\t\t\t\t\t\t\t\t\t\t<li><a href=\"#\" data-goto=\"4\" aria-label=\"display slide 5\"><\/a><\/li>\n\t\t\t\t\t\t\t\t\t<\/ol>\n\n\t\t\t\t<div class=\"sow-slide-nav sow-slide-nav-next\">\n\t\t\t\t\t<a href=\"#\" data-goto=\"next\" aria-label=\"next slide\" data-action=\"next\">\n\t\t\t\t\t\t<em class=\"sow-sld-icon-thin-right\"><\/em>\n\t\t\t\t\t<\/a>\n\t\t\t\t<\/div>\n\n\t\t\t\t<div class=\"sow-slide-nav sow-slide-nav-prev\">\n\t\t\t\t\t<a href=\"#\" data-goto=\"previous\" aria-label=\"previous slide\" data-action=\"prev\">\n\t\t\t\t\t\t<em class=\"sow-sld-icon-thin-left\"><\/em>\n\t\t\t\t\t<\/a>\n\t\t\t\t<\/div>\n\t\t\t\t<\/div><\/div><\/div><\/div><\/div><div id=\"pg-20-1\"  class=\"panel-grid panel-has-style\" ><div style=\"background-color: #e5e5e5; \" class=\"panel-row-style panel-row-style-for-20-1\" ><div id=\"pgc-20-1-0\"  class=\"panel-grid-cell\" ><div id=\"panel-20-1-0-0\" class=\"so-panel widget widget_circleicon-widget panel-first-child panel-last-child\" data-index=\"1\" >\t\t<div class=\"circle-icon-box circle-icon-position-top circle-icon-hide-box circle-icon-size-small \">\r\n\t\t\t\t\t\t\t<div class=\"circle-icon-wrapper\">\r\n\t\t\t\t\t\t\t\t\t\t<div class=\"circle-icon\" >\r\n\t\t\t\t\t\t<div class=\"fa fa-music\" ><\/div>\t\t\t\t\t<\/div>\r\n\t\t\t\t\t\t\t\t\t<\/div>\r\n\t\t\t\r\n\t\t\t\t\t\t<h4 >Sound<\/h4>\t\t\t\r\n\t\t\t<p class=\"text\" >-<\/p>\t\t\t\t\t<\/div>\r\n\t\t<\/div><\/div><div id=\"pgc-20-1-1\"  class=\"panel-grid-cell\" ><div id=\"panel-20-1-1-0\" class=\"so-panel widget widget_circleicon-widget panel-first-child panel-last-child\" data-index=\"2\" >\t\t<div class=\"circle-icon-box circle-icon-position-top circle-icon-hide-box circle-icon-size-small \">\r\n\t\t\t\t\t\t\t<div class=\"circle-icon-wrapper\">\r\n\t\t\t\t\t\t\t\t\t\t<div class=\"circle-icon\" >\r\n\t\t\t\t\t\t<div class=\"fa fa-lightbulb-o\" ><\/div>\t\t\t\t\t<\/div>\r\n\t\t\t\t\t\t\t\t\t<\/div>\r\n\t\t\t\r\n\t\t\t\t\t\t<h4 >Lights<\/h4>\t\t\t\r\n\t\t\t<p class=\"text\" >-<\/p>\t\t\t\t\t<\/div>\r\n\t\t<\/div><\/div><div id=\"pgc-20-1-2\"  class=\"panel-grid-cell\" ><div id=\"panel-20-1-2-0\" class=\"so-panel widget widget_circleicon-widget panel-first-child panel-last-child\" data-index=\"3\" >\t\t<div class=\"circle-icon-box circle-icon-position-top circle-icon-hide-box circle-icon-size-small \">\r\n\t\t\t\t\t\t\t<div class=\"circle-icon-wrapper\">\r\n\t\t\t\t\t\t\t\t\t\t<div class=\"circle-icon\" >\r\n\t\t\t\t\t\t<div class=\"fa fa-building\" ><\/div>\t\t\t\t\t<\/div>\r\n\t\t\t\t\t\t\t\t\t<\/div>\r\n\t\t\t\r\n\t\t\t\t\t\t<h4 >Stage<\/h4>\t\t\t\r\n\t\t\t<p class=\"text\" >-<\/p>\t\t\t\t\t<\/div>\r\n\t\t<\/div><\/div><div id=\"pgc-20-1-3\"  class=\"panel-grid-cell\" ><div id=\"panel-20-1-3-0\" class=\"so-panel widget widget_circleicon-widget panel-first-child panel-last-child\" data-index=\"4\" >\t\t<div class=\"circle-icon-box circle-icon-position-top circle-icon-hide-box circle-icon-size-small \">\r\n\t\t\t\t\t\t\t<div class=\"circle-icon-wrapper\">\r\n\t\t\t\t\t\t\t\t\t\t<div class=\"circle-icon\" >\r\n\t\t\t\t\t\t<div class=\"fa fa-calendar\" ><\/div>\t\t\t\t\t<\/div>\r\n\t\t\t\t\t\t\t\t\t<\/div>\r\n\t\t\t\r\n\t\t\t\t\t\t<h4 >Production<\/h4>\t\t\t\r\n\t\t\t<p class=\"text\" >-<\/p>\t\t\t\t\t<\/div>\r\n\t\t<\/div><\/div><\/div><\/div><div id=\"pg-20-2\"  class=\"panel-grid panel-has-style\" ><div style=\"background-color: #ffffff; \" class=\"panel-row-style panel-row-style-for-20-2\" ><div id=\"pgc-20-2-0\"  class=\"panel-grid-cell\" ><div id=\"panel-20-2-0-0\" class=\"so-panel widget widget_sow-editor panel-first-child panel-last-child\" data-index=\"5\" ><div\n\t\t\t\n\t\t\tclass=\"so-widget-sow-editor so-widget-sow-editor-base\"\n\t\t\t\n\t\t>\n<div class=\"siteorigin-widget-tinymce textwidget\">\n\t<p><a href=\"http:\/\/otecables.cz\"><img loading=\"lazy\" decoding=\"async\" class=\"alignnone wp-image-69\" src=\"http:\/\/otesound.cz\/wp-content\/uploads\/2018\/08\/logotype_otescables_white.png\" alt=\"\" width=\"237\" height=\"43\" \/><\/a><\/p>\n<p>Visit us -\u00a0<a href=\"http:\/\/otecables.cz\">otecables.com<\/a> !<\/p>\n<p>Cable systems for professionals:<\/p>\n<ul>\n<li>Splitters<\/li>\n<li>Stage snake system<\/li>\n<li>Hybrid cables<\/li>\n<li>Microphone cables<\/li>\n<li>Custom production<\/li>\n<\/ul>\n<\/div>\n<\/div><\/div><\/div><div id=\"pgc-20-2-1\"  class=\"panel-grid-cell\" ><div id=\"panel-20-2-1-0\" class=\"so-panel widget widget_sow-slider panel-first-child panel-last-child\" data-index=\"6\" ><div\n\t\t\t\n\t\t\tclass=\"so-widget-sow-slider so-widget-sow-slider-default-4d0256d97ac5-20\"\n\t\t\t\n\t\t>\t\t\t\t<div class=\"sow-slider-base\" style=\"display: none\" tabindex=\"0\">\n\t\t\t\t\t<ul\n\t\t\t\t\tclass=\"sow-slider-images\"\n\t\t\t\t\tdata-settings=\"{&quot;pagination&quot;:true,&quot;speed&quot;:&quot;800&quot;,&quot;timeout&quot;:&quot;1000&quot;,&quot;paused&quot;:false,&quot;pause_on_hover&quot;:false,&quot;swipe&quot;:&quot;on&quot;,&quot;nav_always_show_desktop&quot;:&quot;&quot;,&quot;nav_always_show_mobile&quot;:&quot;&quot;,&quot;breakpoint&quot;:&quot;780px&quot;,&quot;unmute&quot;:false,&quot;anchor&quot;:null}\"\n\t\t\t\t\t\t\t\t\t\tdata-anchor-id=\"\"\n\t\t\t\t>\t\t<li class=\"sow-slider-image\" style=\"visibility: visible;;cursor: pointer;\" data-url=\"{&quot;url&quot;:&quot;http:\\\/\\\/otecables.cz&quot;,&quot;new_window&quot;:false}\" >\n\t\t\t\t\t\t\t\t\t\t<a href=\"http:\/\/otecables.cz\"\n\t\t\t\t>\n\t\t\t<img loading=\"lazy\" decoding=\"async\" width=\"400\" height=\"261\" src=\"https:\/\/otesound.cz\/wp-content\/uploads\/2018\/08\/StageSnake-e1535104401914.png\" class=\"sow-slider-background-image\" alt=\"\" style=\"\" \/><\/a>\t\t<\/li>\n\t\t\t\t<li class=\"sow-slider-image\" style=\"visibility: hidden;;cursor: pointer;\" data-url=\"{&quot;url&quot;:&quot;http:\\\/\\\/otecables.cz&quot;,&quot;new_window&quot;:false}\" >\n\t\t\t\t\t\t\t\t\t\t<a href=\"http:\/\/otecables.cz\"\n\t\t\t\t>\n\t\t\t<img loading=\"lazy\" decoding=\"async\" width=\"400\" height=\"283\" src=\"https:\/\/otesound.cz\/wp-content\/uploads\/2018\/08\/Fb_Audio-and-power-hybrid-cable-horizontal-e1535104431796.jpg\" class=\"sow-slider-background-image\" alt=\"\" style=\"\" \/><\/a>\t\t<\/li>\n\t\t\t\t<li class=\"sow-slider-image\" style=\"visibility: hidden;;cursor: pointer;\" data-url=\"{&quot;url&quot;:&quot;http:\\\/\\\/otecables.cz&quot;,&quot;new_window&quot;:false}\" >\n\t\t\t\t\t\t\t\t\t\t<a href=\"http:\/\/otecables.cz\"\n\t\t\t\t>\n\t\t\t<img loading=\"lazy\" decoding=\"async\" width=\"400\" height=\"283\" src=\"https:\/\/otesound.cz\/wp-content\/uploads\/2018\/08\/Fb_Microphone-XLR-cable-horizontal-2-e1535104440313.jpg\" class=\"sow-slider-background-image\" alt=\"\" style=\"\" \/><\/a>\t\t<\/li>\n\t\t<\/ul>\t\t\t\t<ol class=\"sow-slider-pagination\">\n\t\t\t\t\t\t\t\t\t\t\t<li><a href=\"#\" data-goto=\"0\" aria-label=\"display slide 1\"><\/a><\/li>\n\t\t\t\t\t\t\t\t\t\t\t<li><a href=\"#\" data-goto=\"1\" aria-label=\"display slide 2\"><\/a><\/li>\n\t\t\t\t\t\t\t\t\t\t\t<li><a href=\"#\" data-goto=\"2\" aria-label=\"display slide 3\"><\/a><\/li>\n\t\t\t\t\t\t\t\t\t<\/ol>\n\n\t\t\t\t<div class=\"sow-slide-nav sow-slide-nav-next\">\n\t\t\t\t\t<a href=\"#\" data-goto=\"next\" aria-label=\"next slide\" data-action=\"next\">\n\t\t\t\t\t\t<em class=\"sow-sld-icon-thin-right\"><\/em>\n\t\t\t\t\t<\/a>\n\t\t\t\t<\/div>\n\n\t\t\t\t<div class=\"sow-slide-nav sow-slide-nav-prev\">\n\t\t\t\t\t<a href=\"#\" data-goto=\"previous\" aria-label=\"previous slide\" data-action=\"prev\">\n\t\t\t\t\t\t<em class=\"sow-sld-icon-thin-left\"><\/em>\n\t\t\t\t\t<\/a>\n\t\t\t\t<\/div>\n\t\t\t\t<\/div><\/div><\/div><\/div><div id=\"pgc-20-2-2\"  class=\"panel-grid-cell\" ><div id=\"panel-20-2-2-0\" class=\"so-panel widget widget_media_image panel-first-child panel-last-child\" data-index=\"7\" ><a href=\"http:\/\/otecables.cz\"><img loading=\"lazy\" decoding=\"async\" width=\"300\" height=\"223\" src=\"https:\/\/otesound.cz\/wp-content\/uploads\/2018\/08\/Splitter19-300x223.jpg\" class=\"image wp-image-48  attachment-medium size-medium\" alt=\"\" style=\"max-width: 100%; height: auto;\" srcset=\"https:\/\/otesound.cz\/wp-content\/uploads\/2018\/08\/Splitter19-300x223.jpg 300w, https:\/\/otesound.cz\/wp-content\/uploads\/2018\/08\/Splitter19.jpg 600w\" sizes=\"auto, (max-width: 300px) 100vw, 300px\" \/><\/a><\/div><\/div><\/div><\/div><div id=\"pg-20-3\"  class=\"panel-grid panel-has-style\" ><div style=\"background-color: #e5e5e5; \" class=\"panel-row-style panel-row-style-for-20-3\" ><div id=\"pgc-20-3-0\"  class=\"panel-grid-cell\" ><div id=\"panel-20-3-0-0\" class=\"so-panel widget widget_text panel-first-child\" data-index=\"8\" ><div class=\"panel-widget-style panel-widget-style-for-20-3-0-0\" ><h3 class=\"widget-title\">OteSound, s.r.o.<\/h3>\t\t\t<div class=\"textwidget\"><p>Klatovsk\u00e1 22<br \/>\n602 00 Brno<\/p>\n<\/div>\n\t\t<\/div><\/div><div id=\"panel-20-3-0-1\" class=\"so-panel widget widget_vantage-social-media panel-last-child\" data-index=\"9\" ><a class=\"social-media-icon social-media-icon-facebook social-media-icon-size-medium\" href=\"http:\/\/facebook.com\/Otesound.cz\" title=\"Otesound Facebook\" ><span class=\"fa fa-facebook\"><\/span><\/a><\/div><\/div><div id=\"pgc-20-3-1\"  class=\"panel-grid-cell\" ><div id=\"panel-20-3-1-0\" class=\"so-panel widget widget_text panel-first-child panel-last-child\" data-index=\"10\" ><div class=\"panel-widget-style panel-widget-style-for-20-3-1-0\" >\t\t\t<div class=\"textwidget\"><p><strong>SALES<\/strong><\/p>\n<p>Petr Valihrach<br \/>\n<a href=\"mailto:petr.valihrach@otesound.cz\">petr.valihrach@otesound.cz<\/a><br \/>\n+420 724 254 267<\/p>\n<p>&nbsp;<\/p>\n<\/div>\n\t\t<\/div><\/div><\/div><div id=\"pgc-20-3-2\"  class=\"panel-grid-cell\" ><div id=\"panel-20-3-2-0\" class=\"so-panel widget widget_text panel-first-child panel-last-child\" data-index=\"11\" ><div class=\"panel-widget-style panel-widget-style-for-20-3-2-0\" >\t\t\t<div class=\"textwidget\"><p><strong>TECHNICAL PRODUCTION<\/strong><\/p>\n<p>Ond\u0159ej Pernica<br \/>\n<a href=\"mailto:ondrej.pernica@otesound.cz\">ondrej.pernica@otesound.cz<\/a><br \/>\n+420 733 773 186<\/p>\n<p>&nbsp;<\/p>\n<\/div>\n\t\t<\/div><\/div><\/div><div id=\"pgc-20-3-3\"  class=\"panel-grid-cell\" ><div id=\"panel-20-3-3-0\" class=\"so-panel widget widget_text panel-first-child panel-last-child\" data-index=\"12\" ><div class=\"panel-widget-style panel-widget-style-for-20-3-3-0\" >\t\t\t<div class=\"textwidget\"><p><strong>OFFICE<\/strong><\/p>\n<p>Natalia Otev\u0159elov\u00e1<br \/>\n<a href=\"mailto:natalia.otevrelova@otesound.cz\">natalia.otevrelova@otesound.cz<\/a><br \/>\n+420 775 905 205<\/p>\n<\/div>\n\t\t<\/div><\/div><\/div><\/div><\/div><\/div>","protected":false},"excerpt":{"rendered":"<p>Sound &#8211; Lights &#8211; Stage &#8211; Production &#8211; Visit us &#8211;\u00a0otecables.com ! Cable systems for professionals: Splitters Stage snake system Hybrid cables Microphone cables Custom production OteSound, s.r.o. Klatovsk\u00e1 22 602 00 Brno SALES Petr Valihrach petr.valihrach@otesound.cz +420 724 254 267 &nbsp; TECHNICAL PRODUCTION Ond\u0159ej Pernica ondrej.pernica@otesound.cz +420 733 773 186 &nbsp; OFFICE Natalia Otev\u0159elov\u00e1 [&hellip;]<\/p>\n","protected":false},"author":1,"featured_media":0,"parent":0,"menu_order":0,"comment_status":"closed","ping_status":"closed","template":"home-panels.php","meta":{"footnotes":""},"class_list":["post-20","page","type-page","status-publish","hentry","post"],"_links":{"self":[{"href":"https:\/\/otesound.cz\/en\/wp-json\/wp\/v2\/pages\/20","targetHints":{"allow":["GET"]}}],"collection":[{"href":"https:\/\/otesound.cz\/en\/wp-json\/wp\/v2\/pages"}],"about":[{"href":"https:\/\/otesound.cz\/en\/wp-json\/wp\/v2\/types\/page"}],"author":[{"embeddable":true,"href":"https:\/\/otesound.cz\/en\/wp-json\/wp\/v2\/users\/1"}],"replies":[{"embeddable":true,"href":"https:\/\/otesound.cz\/en\/wp-json\/wp\/v2\/comments?post=20"}],"version-history":[{"count":49,"href":"https:\/\/otesound.cz\/en\/wp-json\/wp\/v2\/pages\/20\/revisions"}],"predecessor-version":[{"id":169,"href":"https:\/\/otesound.cz\/en\/wp-json\/wp\/v2\/pages\/20\/revisions\/169"}],"wp:attachment":[{"href":"https:\/\/otesound.cz\/en\/wp-json\/wp\/v2\/media?parent=20"}],"curies":[{"name":"wp","href":"https:\/\/api.w.org\/{rel}","templated":true}]}}