{"id":63,"date":"2018-08-24T12:14:03","date_gmt":"2018-08-24T10:14:03","guid":{"rendered":"http:\/\/otesound.cz\/?page_id=63"},"modified":"2023-08-30T10:06:22","modified_gmt":"2023-08-30T08:06:22","slug":"kontakty","status":"publish","type":"page","link":"https:\/\/otesound.cz\/en\/kontakty\/","title":{"rendered":"Contacts:"},"content":{"rendered":"<h4>OteSound, s.r.o.<\/h4>\n<p>Klatovsk\u00e1 22, 602 00 Brno, \u010cesk\u00e1 Republika<br \/>\nVAT: CZ27661164<\/p>\n<p>Raiffeisenbank a.s.<br \/>\nHv\u011bzdova 1716\/2b, 140 78 Praha 4, \u010cesk\u00e1 Republika<br \/>\nIBAN: CZ8755000000005329415036<br \/>\nSWIFT code: RZBCCZPP<\/p>\n<hr \/>\n<h2>Office<\/h2>\n<p><strong>Natalia Otev\u0159elov\u00e1<\/strong><br \/>\nlanguage: CZ,RU<br \/>\n<a href=\"mailto:natalia.otevrelova@otesound.cz\">natalia.otevrelova@otesound.cz<\/a><br \/>\n+420 775 905 205<\/p>\n<hr \/>\n<h2>Sales<\/h2>\n<p><strong>Petr Valihrach<\/strong><br \/>\nlanguage: CZ, ENG<br \/>\n<a href=\"mailto:petr.valihrach@otesound.cz\">petr.valihrach@otesound.cz<\/a><br \/>\n+420 724 254 267<\/p>\n<hr \/>\n<h2>Technical production<\/h2>\n<p><strong>Ond\u0159ej Pernica<\/strong><br \/>\nlanguage: CZ, ENG<br \/>\n<a href=\"mailto:ondrej.pernica@otesound.cz\">ondrej.pernica@otesound.cz<\/a><br \/>\n+420 733 773 186<\/p>\n","protected":false},"excerpt":{"rendered":"<p>OteSound, s.r.o. Klatovsk\u00e1 22, 602 00 Brno, \u010cesk\u00e1 Republika VAT: CZ27661164 Raiffeisenbank a.s. Hv\u011bzdova 1716\/2b, 140 78 Praha 4, \u010cesk\u00e1 Republika IBAN: CZ8755000000005329415036 SWIFT code: RZBCCZPP Office Natalia Otev\u0159elov\u00e1 language: CZ,RU natalia.otevrelova@otesound.cz +420 775 905 205 Sales Petr Valihrach language: CZ, ENG petr.valihrach@otesound.cz +420 724 254 267 Technical production Ond\u0159ej Pernica language: CZ, ENG ondrej.pernica@otesound.cz [&hellip;]<\/p>\n","protected":false},"author":1,"featured_media":0,"parent":0,"menu_order":0,"comment_status":"closed","ping_status":"closed","template":"","meta":{"footnotes":""},"class_list":["post-63","page","type-page","status-publish","hentry","post"],"_links":{"self":[{"href":"https:\/\/otesound.cz\/en\/wp-json\/wp\/v2\/pages\/63","targetHints":{"allow":["GET"]}}],"collection":[{"href":"https:\/\/otesound.cz\/en\/wp-json\/wp\/v2\/pages"}],"about":[{"href":"https:\/\/otesound.cz\/en\/wp-json\/wp\/v2\/types\/page"}],"author":[{"embeddable":true,"href":"https:\/\/otesound.cz\/en\/wp-json\/wp\/v2\/users\/1"}],"replies":[{"embeddable":true,"href":"https:\/\/otesound.cz\/en\/wp-json\/wp\/v2\/comments?post=63"}],"version-history":[{"count":16,"href":"https:\/\/otesound.cz\/en\/wp-json\/wp\/v2\/pages\/63\/revisions"}],"predecessor-version":[{"id":159,"href":"https:\/\/otesound.cz\/en\/wp-json\/wp\/v2\/pages\/63\/revisions\/159"}],"wp:attachment":[{"href":"https:\/\/otesound.cz\/en\/wp-json\/wp\/v2\/media?parent=63"}],"curies":[{"name":"wp","href":"https:\/\/api.w.org\/{rel}","templated":true}]}}